{"id":83,"date":"2020-11-11T23:27:27","date_gmt":"2020-11-12T06:27:27","guid":{"rendered":"http:\/\/smcc.ski\/?page_id=83"},"modified":"2026-03-25T12:25:42","modified_gmt":"2026-03-25T18:25:42","slug":"uphill-skiing","status":"publish","type":"page","link":"https:\/\/smcc.ski\/fr\/uphill-skiing\/","title":{"rendered":"Politiques de ski de randonn\u00e9e en station"},"content":{"rendered":"<p class=\"wp-block-paragraph\">Les centres de ski suivants proposent des itin\u00e9raires d'ascension balis\u00e9s \u00e0 l'int\u00e9rieur ou \u00e0 proximit\u00e9 imm\u00e9diate de leur domaine skiable. Certaines stations ont des politiques qui ne sont pas n\u00e9cessairement publi\u00e9es en ligne \u2014 en cas de doute, informez-vous aupr\u00e8s du personnel ou de la patrouille de ski locale. <\/p>\n\n\n\n<p class=\"wp-block-paragraph\">Veuillez vous assurer de respecter toutes les consignes affich\u00e9es et de faire preuve de courtoisie envers les autres usagers et le personnel de montagne. <\/p>\n\n\n\n<p class=\"wp-block-paragraph\"><strong>Alberta<\/strong><\/p>\n\n\n\n<p class=\"wp-block-paragraph\"><a href=\"https:\/\/www.skicastle.ca\/uphill\/\">Castle Mountain Resort<\/a><\/p>\n\n\n\n<p class=\"wp-block-paragraph\"><a href=\"https:\/\/www.skilouise.com\/\">Lake Louise<\/a> - acc\u00e8s \u00e0 l'arri\u00e8re-pays par le sentier du Skoki Lodge<\/p>\n\n\n\n<p class=\"wp-block-paragraph\"><a href=\"https:\/\/banffnorquay.com\/\">Mount Norquay<\/a><\/p>\n\n\n\n<p class=\"wp-block-paragraph\"><a href=\"https:\/\/www.passpowderkeg.com\/home\/uphill\/\">Pass Powderkeg<\/a><\/p>\n\n\n\n<p class=\"wp-block-paragraph\"><a href=\"https:\/\/www.skibanff.com\/explore\/ski-patrol-safety\">Sunshine Village<\/a><\/p>\n\n\n\n<p class=\"wp-block-paragraph\"><strong>Colombie-Britannique<\/strong><\/p>\n\n\n\n<p class=\"wp-block-paragraph\"><a href=\"https:\/\/apexresort.com\/the-mountain-backcountry\/\">Apex Mountain Resort<\/a><\/p>\n\n\n\n<p class=\"wp-block-paragraph\"><a href=\"https:\/\/www.sitesandtrailsbc.ca\/search\/search-result.aspx?site=REC98167&amp;type=Site\">Hankin-Evelyn Backcountry Recreation Area<\/a><\/p>\n\n\n\n<p class=\"wp-block-paragraph\"><a href=\"https:\/\/harpermountain.com\/touring\/\">Harper Mountain<\/a><\/p>\n\n\n\n<p class=\"wp-block-paragraph\"><a href=\"https:\/\/hudsonbaymountain.ca\/mountain-safety\/\">Hudson Bay Mountain<\/a><\/p>\n\n\n\n<p class=\"wp-block-paragraph\"><a href=\"https:\/\/skikimberley.com\/purchase\/winter-activities\/up-tracking\/\">Kimberley Alpine Resort<\/a><\/p>\n\n\n\n<p class=\"wp-block-paragraph\"><a href=\"https:\/\/kickinghorseresort.com\/\">Kicking Horse Mountain Resort<\/a><\/p>\n\n\n\n<p class=\"wp-block-paragraph\"><a href=\"https:\/\/www.manningpark.com\/safety-and-risk-awareness\/\">Manning Park<\/a><\/p>\n\n\n\n<p class=\"wp-block-paragraph\"><a href=\"https:\/\/www.panoramaresort.com\/while-you-are-here\/mountain-safety\/\">Panorama Mountain Resort<\/a><\/p>\n\n\n\n<p class=\"wp-block-paragraph\"><a href=\"https:\/\/mymountaincoop.ca\/uphill\/\">Shames Mountain Co-op<\/a><\/p>\n\n\n\n<p class=\"wp-block-paragraph\"><a href=\"https:\/\/www.skisilverstar.com\/the-mountain\/mountain-info-stats\/mountain-safety\">Silver Star Mountain<\/a><\/p>\n\n\n\n<p class=\"wp-block-paragraph\"><a href=\"https:\/\/www.whistlerblackcomb.com\/the-mountain\/about-the-mountain\/backcountry.aspx\">Whistler Blackcomb<\/a><\/p>\n\n\n\n<p class=\"wp-block-paragraph\"><a href=\"https:\/\/whitewatermountainresort.com\/\">Whitewater Ski Resort<\/a><\/p>\n\n\n\n<p class=\"wp-block-paragraph\"><strong>Qu\u00e9bec<\/strong><\/p>\n\n\n\n<p class=\"wp-block-paragraph\"><a href=\"https:\/\/www.bromontmontagne.com\/en\/alpine-touring\/\">Bromont, montagne d'exp\u00e9riences<\/a><\/p>\n\n\n\n<p class=\"wp-block-paragraph\"><a href=\"https:\/\/www.lemassif.com\/en\/activities-events\/charlevoix-attractions\/backcountry-off-piste\">Le Massif de Charlevoix<\/a><\/p>\n\n\n\n<p class=\"wp-block-paragraph\"><a href=\"https:\/\/www.sommets.com\/en\/what-to-do\/ski-touring\/\">Les Sommets (Morin Heights \/ Olympia)<\/a><\/p>\n\n\n\n<p class=\"wp-block-paragraph\"><a href=\"https:\/\/montorford.com\/en-ca\/winter\/uphill-condition\">Mont Orford<\/a><\/p>\n\n\n\n<p class=\"wp-block-paragraph\"><a href=\"https:\/\/mont-sainte-anne.com\/en\/alpine-touring-at-mont-sainte-anne\/\">Mont Saint Anne<\/a><\/p>\n\n\n\n<p class=\"wp-block-paragraph\"><a href=\"https:\/\/www.tremblant.ca\/things-to-do\/activities\/alpine-touring\">Mont Tremblant<\/a><\/p>\n\n\n\n<p class=\"wp-block-paragraph\"><a href=\"https:\/\/owlshead.com\/en\/alpine-touring\/\">Owl&#8217;s Head<\/a><\/p>\n\n\n\n<p class=\"wp-block-paragraph\"><a href=\"https:\/\/ski-stoneham.com\/en\/alpine-touring\/\">Stoneham<\/a><\/p>\n\n\n\n<p class=\"wp-block-paragraph\"><strong>Ontario<\/strong><\/p>\n\n\n\n<p class=\"wp-block-paragraph\"><a href=\"https:\/\/www.bluemountain.ca\/about-us\/safety#tab=winter-safety\">Blue Mountain<\/a><\/p>\n\n\n\n<p class=\"wp-block-paragraph\"><a href=\"https:\/\/www.calabogie.com\/mountain\/mountain-safety\/\">Calabogie Peaks<\/a><\/p>\n\n\n\n<p class=\"wp-block-paragraph\"><strong>Yukon<\/strong><\/p>\n\n\n\n<p class=\"wp-block-paragraph\"><a href=\"https:\/\/www.mountsima.com\/uphill-nights\/\">Mount Sima<\/a><\/p>\n\n\n\n<p class=\"wp-block-paragraph\"><\/p>\n\n\n\n<p class=\"wp-block-paragraph\"><em>Cette liste peut \u00eatre incompl\u00e8te !<\/em> <em>Si vous connaissez d'autres stations ou centres ayant des politiques officielles autorisant la remont\u00e9e \u00e0 ski, n'h\u00e9sitez pas \u00e0 nous en informer ! <a href=\"https:\/\/smcc.ski\/fr\/contact\/\">Contact<\/a><\/em><\/p>\n\n\n\n<p class=\"wp-block-paragraph\">Skimo Canada n'est affili\u00e9 \u00e0 aucun des centres de ski mentionn\u00e9s ci-dessus. Tous les itin\u00e9raires et politiques de remont\u00e9e sont sujets \u00e0 changement ou fermeture selon les besoins op\u00e9rationnels des stations.\nNote importante : Plusieurs stations exigent d\u00e9sormais l'achat d'un billet d'ascension (\u00ab Uphill pass \u00bb) ou d'un abonnement sp\u00e9cifique. Veuillez v\u00e9rifier les tarifs et les horaires d'acc\u00e8s sur le site web de la station avant votre d\u00e9placement.\nMerci d'\u00eatre de fiers ambassadeurs de notre communaut\u00e9 ! Soyez respectueux, suivez la r\u00e9glementation en vigueur et adoptez les meilleures pratiques lors de vos sorties.  <\/p>\n\n\n\n<p class=\"wp-block-paragraph\"><\/p>","protected":false},"excerpt":{"rendered":"<p>The following Canadian ski areas provide published uphill routes within or immediately adjacent to their operational boundaries. Some areas have policies which are not published online &#8211; check with your local resort&#8217;s ski patrol if in doubt. Please make sure to follow all posted rules and practice good etiquette while using resort facilities. Alberta Castle<a class=\"more-link\" href=\"https:\/\/smcc.ski\/fr\/uphill-skiing\/\">Lire la suite <span class=\"screen-reader-text\">&#8220;Ski Area Uphill Policies&#8221;<\/span><\/a><\/p>","protected":false},"author":196496957,"featured_media":0,"parent":0,"menu_order":0,"comment_status":"closed","ping_status":"closed","template":"","meta":{"_coblocks_attr":"","_coblocks_dimensions":"","_coblocks_responsive_height":"","_coblocks_accordion_ie_support":"","_crdt_document":"","advanced_seo_description":"","jetpack_seo_html_title":"","jetpack_seo_noindex":false,"footnotes":""},"class_list":["post-83","page","type-page","status-publish","hentry","entry"],"jetpack_likes_enabled":true,"jetpack_sharing_enabled":true,"jetpack_shortlink":"https:\/\/wp.me\/Pcyffl-1l","jetpack-related-posts":[],"_links":{"self":[{"href":"https:\/\/smcc.ski\/fr\/wp-json\/wp\/v2\/pages\/83","targetHints":{"allow":["GET"]}}],"collection":[{"href":"https:\/\/smcc.ski\/fr\/wp-json\/wp\/v2\/pages"}],"about":[{"href":"https:\/\/smcc.ski\/fr\/wp-json\/wp\/v2\/types\/page"}],"author":[{"embeddable":true,"href":"https:\/\/smcc.ski\/fr\/wp-json\/wp\/v2\/users\/196496957"}],"replies":[{"embeddable":true,"href":"https:\/\/smcc.ski\/fr\/wp-json\/wp\/v2\/comments?post=83"}],"version-history":[{"count":31,"href":"https:\/\/smcc.ski\/fr\/wp-json\/wp\/v2\/pages\/83\/revisions"}],"predecessor-version":[{"id":6695,"href":"https:\/\/smcc.ski\/fr\/wp-json\/wp\/v2\/pages\/83\/revisions\/6695"}],"wp:attachment":[{"href":"https:\/\/smcc.ski\/fr\/wp-json\/wp\/v2\/media?parent=83"}],"curies":[{"name":"wp","href":"https:\/\/api.w.org\/{rel}","templated":true}]}}