{"id":111,"date":"2020-11-11T23:38:05","date_gmt":"2020-11-12T06:38:05","guid":{"rendered":"http:\/\/smcc.ski\/?page_id=111"},"modified":"2026-03-24T17:52:41","modified_gmt":"2026-03-24T23:52:41","slug":"mission","status":"publish","type":"page","link":"https:\/\/smcc.ski\/fr\/mission\/","title":{"rendered":"Mission et vision"},"content":{"rendered":"<p class=\"wp-block-paragraph\">La mission de Skimo Canada est de d\u00e9velopper, financer, promouvoir et g\u00e9rer les activit\u00e9s et programmes visant \u00e0 encadrer, faire progresser et faire conna\u00eetre les comp\u00e9titions de ski-alpinisme (skimo) \u00e0 l\u2019\u00e9chelle nationale.<\/p>\n\n\n\n<p class=\"wp-block-paragraph\"><strong>Notre vision d\u2019avenir<\/strong><\/p>\n\n\n\n<p class=\"wp-block-paragraph\">D'ici cinq ans, nous entrevoyons un avenir o\u00f9 :<\/p>\n\n\n\n<p class=\"wp-block-paragraph\"><strong>La communaut\u00e9 canadienne de skimo est dynamique et mobilis\u00e9e.<\/strong> Nos programmes et \u00e9v\u00e9nements permettent aux nouveaux skieurs d\u2019explorer et de s\u2019initier \u00e0 notre sport, peu importe leur \u00e2ge ou leur niveau. Un parcours de d\u00e9veloppement clair guide nos entra\u00eeneurs certifi\u00e9s dans l\u2019encadrement des jeunes athl\u00e8tes.<\/p>\n\n\n\n<p class=\"wp-block-paragraph\"><strong>Les stations de ski soutiennent les nouveaux clubs et communaut\u00e9s.<\/strong> Gr\u00e2ce \u00e0 des politiques d'acc\u00e8s en mont\u00e9e g\u00e9n\u00e9reuses et un enthousiasme renouvel\u00e9 pour l'accueil de courses, le milieu du ski et notre communaut\u00e9 grandissante permettent d'offrir un calendrier d'\u00e9v\u00e9nements robuste.<\/p>\n\n\n\n<p class=\"wp-block-paragraph\"><strong>Le skimo est un sport largement reconnu au pays. <\/strong>Le public canadien suit nos athl\u00e8tes en comp\u00e9tition et le sport b\u00e9n\u00e9ficie d\u2019une attention m\u00e9diatique accrue. Les exploits historiques de nos athl\u00e8tes et organisateurs sont mieux connus et c\u00e9l\u00e9br\u00e9s.<\/p>\n\n\n\n<p class=\"wp-block-paragraph\"><strong>Nos athl\u00e8tes de haute performance b\u00e9n\u00e9ficient d'un parcours bien soutenu.<\/strong> Le Canada forme des athl\u00e8tes d\u2019\u00e9lite qui s\u2019illustrent r\u00e9guli\u00e8rement sur la sc\u00e8ne internationale et aux Jeux olympiques. Ils profitent d\u2019un programme de d\u00e9veloppement solide et d\u2019un meilleur soutien \u00e0 l\u2019\u00e9tranger. Au moins une \u00e9preuve de la Coupe du monde sanctionn\u00e9e par l\u2019ISMF est organis\u00e9e au Canada.<\/p>\n\n\n\n<p class=\"wp-block-paragraph\"><strong>Nous organisons un calendrier de courses \u00e0 plusieurs niveaux. <\/strong>Partout au pays, les athl\u00e8tes de tous les niveaux ont acc\u00e8s \u00e0 des comp\u00e9titions adapt\u00e9es \u00e0 leurs comp\u00e9tences. Nos \u00e9v\u00e9nements sont align\u00e9s sur les standards d'organisation internationaux.<\/p>\n\n\n\n<p class=\"wp-block-paragraph\"><strong>Les organismes sportifs provinciaux (OSP), f\u00e9d\u00e9rations provinciales et les clubs sont bien \u00e9tablis.<\/strong> Les athl\u00e8tes retrait\u00e9s s'impliquent dans le d\u00e9veloppement et l'administration du sport. Nous comptons sur des organismes provinciaux et territoriaux (OSP\/OST) actifs dans sept provinces et territoires. Ces organisations r\u00e9gionales favorisent la cr\u00e9ation et la croissance de clubs de ski locaux.<\/p>\n\n\n\n<p class=\"wp-block-paragraph\"><strong>Notre gouvernance et nos finances sont stables. <\/strong>Nos organismes nationaux, provinciaux et territoriaux re\u00e7oivent un financement durable par le biais des adh\u00e9sions, des subventions, des commandites et des dons. Ils fonctionnent avec des budgets \u00e9quilibr\u00e9s gr\u00e2ce \u00e0 un processus budg\u00e9taire coordonn\u00e9 et des proc\u00e9dures administratives normalis\u00e9es.<\/p>\n\n\n\n<p class=\"wp-block-paragraph\"><strong>Nos r\u00e8glements et politiques sont p\u00e9rennes.<\/strong> Nos r\u00e8glements administratifs et nos politiques favorisent une saine gouvernance au sein de nos organisations, tout en r\u00e9pondant aux enjeux prioritaires de nos membres.<\/p>\n\n\n\n<div class=\"wp-block-buttons is-content-justification-center is-layout-flex wp-container-core-buttons-is-layout-3e41869c wp-block-buttons-is-layout-flex\">\n<div class=\"wp-block-button\"><a class=\"wp-block-button__link wp-element-button\">Consultez notre plan strat\u00e9gique 2024\/25<\/a><\/div>\n<\/div>","protected":false},"excerpt":{"rendered":"<p>Skimo Canada\u2019s purpose is to develop, fund, promote and operate activities and programs for the purposes of governing, advancing, and promoting ski mountaineering racing (skimo) in Canada on a nationwide basis. Our vision for the future In five years time, we envision a future in which: Canada&#8217;s skimo community is vibrant and engaged. Programs and<a class=\"more-link\" href=\"https:\/\/smcc.ski\/fr\/mission\/\">Lire la suite <span class=\"screen-reader-text\">&#8220;Purpose&#8221;<\/span><\/a><\/p>","protected":false},"author":196496957,"featured_media":0,"parent":0,"menu_order":0,"comment_status":"closed","ping_status":"closed","template":"","meta":{"_coblocks_attr":"","_coblocks_dimensions":"","_coblocks_responsive_height":"","_coblocks_accordion_ie_support":"","_crdt_document":"","advanced_seo_description":"","jetpack_seo_html_title":"","jetpack_seo_noindex":false,"footnotes":""},"class_list":["post-111","page","type-page","status-publish","hentry","entry"],"jetpack_likes_enabled":true,"jetpack_sharing_enabled":true,"jetpack_shortlink":"https:\/\/wp.me\/Pcyffl-1N","jetpack-related-posts":[],"_links":{"self":[{"href":"https:\/\/smcc.ski\/fr\/wp-json\/wp\/v2\/pages\/111","targetHints":{"allow":["GET"]}}],"collection":[{"href":"https:\/\/smcc.ski\/fr\/wp-json\/wp\/v2\/pages"}],"about":[{"href":"https:\/\/smcc.ski\/fr\/wp-json\/wp\/v2\/types\/page"}],"author":[{"embeddable":true,"href":"https:\/\/smcc.ski\/fr\/wp-json\/wp\/v2\/users\/196496957"}],"replies":[{"embeddable":true,"href":"https:\/\/smcc.ski\/fr\/wp-json\/wp\/v2\/comments?post=111"}],"version-history":[{"count":15,"href":"https:\/\/smcc.ski\/fr\/wp-json\/wp\/v2\/pages\/111\/revisions"}],"predecessor-version":[{"id":6682,"href":"https:\/\/smcc.ski\/fr\/wp-json\/wp\/v2\/pages\/111\/revisions\/6682"}],"wp:attachment":[{"href":"https:\/\/smcc.ski\/fr\/wp-json\/wp\/v2\/media?parent=111"}],"curies":[{"name":"wp","href":"https:\/\/api.w.org\/{rel}","templated":true}]}}